{"id":33,"date":"2015-11-17T15:35:50","date_gmt":"2015-11-17T14:35:50","guid":{"rendered":"http:\/\/10.0.0.6\/?page_id=33"},"modified":"2020-08-31T12:02:46","modified_gmt":"2020-08-31T11:02:46","slug":"formulare","status":"publish","type":"page","link":"https:\/\/pediatrnadedine.cz\/index.php\/formulare\/","title":{"rendered":"Formul\u00e1\u0159e"},"content":{"rendered":"<div class=\"fusion-fullwidth fullwidth-box fusion-builder-row-1 nonhundred-percent-fullwidth non-hundred-percent-height-scrolling\" style=\"--awb-border-radius-top-left:0px;--awb-border-radius-top-right:0px;--awb-border-radius-bottom-right:0px;--awb-border-radius-bottom-left:0px;--awb-padding-top:70px;\" ><div class=\"fusion-builder-row fusion-row\"><div class=\"fusion-layout-column fusion_builder_column fusion-builder-column-0 fusion_builder_column_1_1 1_1 fusion-one-full fusion-column-first fusion-column-last\" style=\"--awb-bg-size:cover;--awb-margin-top:0px;--awb-margin-bottom:0px;\"><div class=\"fusion-column-wrapper fusion-flex-column-wrapper-legacy\"><div class=\"fusion-text fusion-text-1\"><h2>Form\u00e1t PDF (.pdf)<\/h2>\n<p><a href=\"http:\/\/pediatrnadedine.cz\/wp-content\/uploads\/2015\/11\/souhlas-zakonneho-zastupce-nezletileho-pacienta-starsiho-15ti-let.pdf\">Souhlas z\u00e1konn\u00e9ho z\u00e1stupce nezletil\u00e9ho pacienta star\u0161\u00edho 15ti let<\/a><br \/>\n<a href=\"http:\/\/pediatrnadedine.cz\/wp-content\/uploads\/2015\/11\/souhlas_nesouhlas-nepovinne-ockovani.pdf\">Souhlas\/nesouhlas &#8211; nepovinn\u00e9 o\u010dkov\u00e1n\u00ed<\/a><br \/>\n<a href=\"http:\/\/pediatrnadedine.cz\/wp-content\/uploads\/2015\/11\/urceni-osoby-opravnene-dle-zakona-o-zdravotnich-sluzbach.pdf\">Ur\u010den\u00ed osoby opr\u00e1vn\u011bn\u00e9 dle z\u00e1kona o zdravotn\u00edch slu\u017eb\u00e1ch<\/a><\/p>\n<h2>Form\u00e1t MS Word (.docx)<\/h2>\n<p><a href=\"http:\/\/pediatrnadedine.cz\/wp-content\/uploads\/2015\/11\/souhlas-zakonneho-zastupce-nezletileho-pacienta-starsiho-15ti-let.doc\">Souhlas z\u00e1konn\u00e9ho z\u00e1stupce nezletil\u00e9ho pacienta star\u0161\u00edho 15ti let<\/a><br \/>\n<a href=\"http:\/\/pediatrnadedine.cz\/wp-content\/uploads\/2015\/11\/souhlas_nesouhlas-nepovinne-ockovani.docx\">Souhlas\/nesouhlas &#8211; nepovinn\u00e9 o\u010dkov\u00e1n\u00ed<\/a><br \/>\n<a href=\"http:\/\/pediatrnadedine.cz\/wp-content\/uploads\/2015\/11\/urceni-osoby-opravnene-dle-zakona-o-zdravotnich-sluzbach.doc\">Ur\u010den\u00ed osoby opr\u00e1vn\u011bn\u00e9 dle z\u00e1kona o zdravotn\u00edch slu\u017eb\u00e1ch<\/a><\/p>\n<\/div><div class=\"fusion-clearfix\"><\/div><\/div><\/div><\/div><\/div>\n","protected":false},"excerpt":{"rendered":"","protected":false},"author":1,"featured_media":0,"parent":0,"menu_order":0,"comment_status":"closed","ping_status":"closed","template":"","meta":{"footnotes":""},"class_list":["post-33","page","type-page","status-publish","hentry"],"yoast_head":"<!-- This site is optimized with the Yoast SEO plugin v19.13 - https:\/\/yoast.com\/wordpress\/plugins\/seo\/ -->\n<title>Formul\u00e1\u0159e - Ordinace praktick\u00e9ho l\u00e9ka\u0159e pro d\u011bti a dorost<\/title>\n<meta name=\"robots\" content=\"index, follow, max-snippet:-1, max-image-preview:large, max-video-preview:-1\" \/>\n<link rel=\"canonical\" href=\"http:\/\/pediatrnadedine.cz\/index.php\/formulare\/\" \/>\n<meta property=\"og:locale\" content=\"cs_CZ\" \/>\n<meta property=\"og:type\" content=\"article\" \/>\n<meta property=\"og:title\" content=\"Formul\u00e1\u0159e - Ordinace praktick\u00e9ho l\u00e9ka\u0159e pro d\u011bti a dorost\" \/>\n<meta property=\"og:url\" content=\"http:\/\/pediatrnadedine.cz\/index.php\/formulare\/\" \/>\n<meta property=\"og:site_name\" content=\"Ordinace praktick\u00e9ho l\u00e9ka\u0159e pro d\u011bti a dorost\" \/>\n<meta property=\"article:modified_time\" content=\"2020-08-31T11:02:46+00:00\" \/>\n<meta name=\"twitter:card\" content=\"summary_large_image\" \/>\n<meta name=\"twitter:label1\" content=\"Est. reading time\" \/>\n\t<meta name=\"twitter:data1\" content=\"2 minuty\" \/>\n<script type=\"application\/ld+json\" class=\"yoast-schema-graph\">{\"@context\":\"https:\/\/schema.org\",\"@graph\":[{\"@type\":\"WebPage\",\"@id\":\"http:\/\/pediatrnadedine.cz\/index.php\/formulare\/\",\"url\":\"http:\/\/pediatrnadedine.cz\/index.php\/formulare\/\",\"name\":\"Formul\u00e1\u0159e - Ordinace praktick\u00e9ho l\u00e9ka\u0159e pro d\u011bti a dorost\",\"isPartOf\":{\"@id\":\"http:\/\/pediatrnadedine.cz\/#website\"},\"datePublished\":\"2015-11-17T14:35:50+00:00\",\"dateModified\":\"2020-08-31T11:02:46+00:00\",\"breadcrumb\":{\"@id\":\"http:\/\/pediatrnadedine.cz\/index.php\/formulare\/#breadcrumb\"},\"inLanguage\":\"cs\",\"potentialAction\":[{\"@type\":\"ReadAction\",\"target\":[\"http:\/\/pediatrnadedine.cz\/index.php\/formulare\/\"]}]},{\"@type\":\"BreadcrumbList\",\"@id\":\"http:\/\/pediatrnadedine.cz\/index.php\/formulare\/#breadcrumb\",\"itemListElement\":[{\"@type\":\"ListItem\",\"position\":1,\"name\":\"Home\",\"item\":\"http:\/\/pediatrnadedine.cz\/\"},{\"@type\":\"ListItem\",\"position\":2,\"name\":\"Formul\u00e1\u0159e\"}]},{\"@type\":\"WebSite\",\"@id\":\"http:\/\/pediatrnadedine.cz\/#website\",\"url\":\"http:\/\/pediatrnadedine.cz\/\",\"name\":\"Ordinace praktick\u00e9ho l\u00e9ka\u0159e pro d\u011bti a dorost\",\"description\":\"Praktick\u00fd l\u00e9ka\u0159 pro d\u011bti a dorost\",\"potentialAction\":[{\"@type\":\"SearchAction\",\"target\":{\"@type\":\"EntryPoint\",\"urlTemplate\":\"http:\/\/pediatrnadedine.cz\/?s={search_term_string}\"},\"query-input\":\"required name=search_term_string\"}],\"inLanguage\":\"cs\"}]}<\/script>\n<!-- \/ Yoast SEO plugin. -->","yoast_head_json":{"title":"Formul\u00e1\u0159e - Ordinace praktick\u00e9ho l\u00e9ka\u0159e pro d\u011bti a dorost","robots":{"index":"index","follow":"follow","max-snippet":"max-snippet:-1","max-image-preview":"max-image-preview:large","max-video-preview":"max-video-preview:-1"},"canonical":"http:\/\/pediatrnadedine.cz\/index.php\/formulare\/","og_locale":"cs_CZ","og_type":"article","og_title":"Formul\u00e1\u0159e - Ordinace praktick\u00e9ho l\u00e9ka\u0159e pro d\u011bti a dorost","og_url":"http:\/\/pediatrnadedine.cz\/index.php\/formulare\/","og_site_name":"Ordinace praktick\u00e9ho l\u00e9ka\u0159e pro d\u011bti a dorost","article_modified_time":"2020-08-31T11:02:46+00:00","twitter_card":"summary_large_image","twitter_misc":{"Est. reading time":"2 minuty"},"schema":{"@context":"https:\/\/schema.org","@graph":[{"@type":"WebPage","@id":"http:\/\/pediatrnadedine.cz\/index.php\/formulare\/","url":"http:\/\/pediatrnadedine.cz\/index.php\/formulare\/","name":"Formul\u00e1\u0159e - Ordinace praktick\u00e9ho l\u00e9ka\u0159e pro d\u011bti a dorost","isPartOf":{"@id":"http:\/\/pediatrnadedine.cz\/#website"},"datePublished":"2015-11-17T14:35:50+00:00","dateModified":"2020-08-31T11:02:46+00:00","breadcrumb":{"@id":"http:\/\/pediatrnadedine.cz\/index.php\/formulare\/#breadcrumb"},"inLanguage":"cs","potentialAction":[{"@type":"ReadAction","target":["http:\/\/pediatrnadedine.cz\/index.php\/formulare\/"]}]},{"@type":"BreadcrumbList","@id":"http:\/\/pediatrnadedine.cz\/index.php\/formulare\/#breadcrumb","itemListElement":[{"@type":"ListItem","position":1,"name":"Home","item":"http:\/\/pediatrnadedine.cz\/"},{"@type":"ListItem","position":2,"name":"Formul\u00e1\u0159e"}]},{"@type":"WebSite","@id":"http:\/\/pediatrnadedine.cz\/#website","url":"http:\/\/pediatrnadedine.cz\/","name":"Ordinace praktick\u00e9ho l\u00e9ka\u0159e pro d\u011bti a dorost","description":"Praktick\u00fd l\u00e9ka\u0159 pro d\u011bti a dorost","potentialAction":[{"@type":"SearchAction","target":{"@type":"EntryPoint","urlTemplate":"http:\/\/pediatrnadedine.cz\/?s={search_term_string}"},"query-input":"required name=search_term_string"}],"inLanguage":"cs"}]}},"_links":{"self":[{"href":"https:\/\/pediatrnadedine.cz\/index.php\/wp-json\/wp\/v2\/pages\/33","targetHints":{"allow":["GET"]}}],"collection":[{"href":"https:\/\/pediatrnadedine.cz\/index.php\/wp-json\/wp\/v2\/pages"}],"about":[{"href":"https:\/\/pediatrnadedine.cz\/index.php\/wp-json\/wp\/v2\/types\/page"}],"author":[{"embeddable":true,"href":"https:\/\/pediatrnadedine.cz\/index.php\/wp-json\/wp\/v2\/users\/1"}],"replies":[{"embeddable":true,"href":"https:\/\/pediatrnadedine.cz\/index.php\/wp-json\/wp\/v2\/comments?post=33"}],"version-history":[{"count":11,"href":"https:\/\/pediatrnadedine.cz\/index.php\/wp-json\/wp\/v2\/pages\/33\/revisions"}],"predecessor-version":[{"id":591,"href":"https:\/\/pediatrnadedine.cz\/index.php\/wp-json\/wp\/v2\/pages\/33\/revisions\/591"}],"wp:attachment":[{"href":"https:\/\/pediatrnadedine.cz\/index.php\/wp-json\/wp\/v2\/media?parent=33"}],"curies":[{"name":"wp","href":"https:\/\/api.w.org\/{rel}","templated":true}]}}