{"id":24,"date":"2015-11-17T15:32:33","date_gmt":"2015-11-17T14:32:33","guid":{"rendered":"http:\/\/10.0.0.6\/?page_id=24"},"modified":"2026-01-11T10:34:51","modified_gmt":"2026-01-11T09:34:51","slug":"prohlidky-a-ockovani","status":"publish","type":"page","link":"https:\/\/pediatrnadedine.cz\/index.php\/prohlidky-a-ockovani\/","title":{"rendered":"Prohl\u00eddky a o\u010dkov\u00e1n\u00ed"},"content":{"rendered":"<div class=\"fusion-fullwidth fullwidth-box fusion-builder-row-1 nonhundred-percent-fullwidth non-hundred-percent-height-scrolling\" style=\"--awb-border-radius-top-left:0px;--awb-border-radius-top-right:0px;--awb-border-radius-bottom-right:0px;--awb-border-radius-bottom-left:0px;--awb-padding-top:70px;\" ><div class=\"fusion-builder-row fusion-row\"><div class=\"fusion-layout-column fusion_builder_column fusion-builder-column-0 fusion_builder_column_1_1 1_1 fusion-one-full fusion-column-first fusion-column-last\" style=\"--awb-bg-size:cover;--awb-margin-top:0px;--awb-margin-bottom:0px;\"><div class=\"fusion-column-wrapper fusion-flex-column-wrapper-legacy\"><div class=\"fusion-text fusion-text-1\"><p>Harmonogram preventivn\u00edch prohl\u00eddek se \u0159\u00edd\u00ed vyhl\u00e1\u0161kou \u010d.70\/2012<\/p>\n<p><strong>\u00a0 1\/<\/strong> \u00a0\u00a0 p\u0159evzet\u00ed do p\u00e9\u010de &#8211; do 48 hod po p\u0159\u00edchodu z porodnice<br \/>\n<strong>\u00a0 2\/<\/strong> \u00a0\u00a0 2-3 t\u00fddny &#8211; prevence<br \/>\n<strong>\u00a0 3\/<\/strong> \u00a0\u00a0 6 t\u00fddn\u016f &#8211; prevence,mo\u017enost voliteln\u00e9ho o\u010dkov\u00e1n\u00ed proti rotavir\u016fm \/Rotarix\/<br \/>\n<strong>\u00a0 4\/<\/strong> \u00a0\u00a0 2 m\u011bs\u00edce &#8211; kontrola v\u00e1hy, 1.d\u00e1vka Infanrix Hexa \/povinn\u00e9 o\u010dkov\u00e1n\u00ed proti tetanu, z\u00e1\u0161kru, \u010dern\u00e9mu ka\u0161li, obrn\u011b, \u017eloutence B a hemofil\u016fm\/<br \/>\n<strong>\u00a0 5\/ <\/strong>\u00a0\u00a0 3 m\u011bs\u00edce &#8211; prevence,\u00a0 mo\u017enost 1.d\u00e1vky o\u010dkov\u00e1n\u00ed proti pneumokok\u016fm a meningokok\u016fm B \/Vaxneuvance,Prevenar 20,Bexsero\/<br \/>\n<strong>\u00a0 6\/ \u00a0\u00a0<\/strong> 4 m\u011bs\u00edce &#8211; prevence, 2.d\u00e1vka Infanrix Hexa<br \/>\n<strong>\u00a0 7\/<\/strong> \u00a0\u00a0 5 m\u011bs\u00edc\u016f &#8211; pouze ev. 2.d\u00e1vka Vaxneuvance, Prevenar 20, Bexsero<br \/>\n<strong>\u00a0 8\/ <\/strong>\u00a0\u00a0 6 m\u011bs\u00edc\u016f &#8211; prevence<br \/>\n<strong>\u00a0 9\/ \u00a0\u00a0 <\/strong>8 m\u011bs\u00edc\u016f &#8211; prevence<br \/>\n<strong>10\/ <\/strong>\u00a0 10 m\u011bs\u00edc\u016f &#8211; prevence<br \/>\n<strong>11\/\u00a0\u00a0<\/strong>\u00a0 1 rok &#8211; prevence, 3.d\u00e1vka Infanrix Hexa<br \/>\n<strong>12\/<\/strong> \u00a0\u00a0 13 &#8211; 15 m\u011bs\u00edc &#8211; o\u010dkov\u00e1n\u00ed\u00a0 ev. 3.d\u00e1vka Vaxneuvance, Prevenar 20, Bexsero<br \/>\n<strong>13\/ \u00a0<\/strong> 13 &#8211; 18 m\u011bs\u00edc\u016f &#8211; o\u010dkov\u00e1n\u00ed 1.MMR, povinn\u00e9 o\u010dkov\u00e1n\u00ed proti spalni\u010dk\u00e1m, zard\u011bnk\u00e1m a p\u0159\u00edu\u0161nic\u00edm<\/p>\n<p>od 12 do 24 m\u011bs\u00edc\u016f mo\u017enost o\u010dkovat proti meningokok\u016fm ACWY \/Nimenrix\/<br \/>\n<strong>14\/\u00a0 \u00a0<\/strong>\u00a018 m\u011bs\u00edc\u016f &#8211; prevence<br \/>\n<strong>15\/<\/strong> \u00a0 3 roky &#8211; prevence<br \/>\n<strong>16\/<\/strong>\u00a0\u00a0 5 let &#8211; prevence + p\u0159eo\u010dkov\u00e1n\u00ed Boostrix \/povinn\u011b, proti tetanu,\u010dern\u00e9mu ka\u0161li a z\u00e1\u0161krtu\/<br \/>\n<strong>17\/\u00a0<\/strong>\u00a0 5 &#8211; 6 let 2.d\u00e1vka MMR<br \/>\n<strong>18\/<\/strong> \u00a0 7 let &#8211; prevence<br \/>\n<strong>19\/<\/strong> \u00a0 9 let &#8211; prevence<br \/>\n<strong>20\/\u00a0<\/strong>\u00a0 10 let &#8211; o\u010dkov\u00e1n\u00ed Boostrix polio \/povinn\u00e9, proti tetanu, \u010dern\u00e9mu ka\u0161li a obrn\u011b\/<br \/>\n<strong>21\/ <\/strong>\u00a0 11 let &#8211; prevence<\/p>\n<p>od 11 do 15 let mo\u017enost o\u010dkov\u00e1n\u00ed proti rakovin\u011b d\u011blo\u017e. \u010d\u00edpku ,d\u00edvky i chlapci &#8211; Gardasil-9<br \/>\n<strong>22\/<\/strong> \u00a0 13 let &#8211; prevence<\/p>\n<p>od 14 do 16 let mo\u017enost o\u010dkov\u00e1n\u00ed\/p\u0159eo\u010dkov\u00e1n\u00ed\/ proti meningokokov\u00fdm infekc\u00edm \/Bexsero,Nimenrix<br \/>\n<strong>23\/<\/strong> \u00a0 15 let &#8211; prevence<br \/>\n<strong>24\/<\/strong> \u00a0 17 let &#8211; prevence<br \/>\n<strong>25\/<\/strong> \u00a0 19 let &#8211; v\u00fdstupn\u00ed prohl\u00eddka<\/p>\n<\/div><div class=\"fusion-clearfix\"><\/div><\/div><\/div><\/div><\/div>\n","protected":false},"excerpt":{"rendered":"","protected":false},"author":1,"featured_media":0,"parent":0,"menu_order":0,"comment_status":"closed","ping_status":"closed","template":"","meta":{"footnotes":""},"class_list":["post-24","page","type-page","status-publish","hentry"],"yoast_head":"<!-- This site is optimized with the Yoast SEO plugin v19.13 - https:\/\/yoast.com\/wordpress\/plugins\/seo\/ -->\n<title>Prohl\u00eddky a o\u010dkov\u00e1n\u00ed - Ordinace praktick\u00e9ho l\u00e9ka\u0159e pro d\u011bti a dorost<\/title>\n<meta name=\"robots\" content=\"index, follow, max-snippet:-1, max-image-preview:large, max-video-preview:-1\" \/>\n<link rel=\"canonical\" href=\"https:\/\/pediatrnadedine.cz\/index.php\/prohlidky-a-ockovani\/\" \/>\n<meta property=\"og:locale\" content=\"cs_CZ\" \/>\n<meta property=\"og:type\" content=\"article\" \/>\n<meta property=\"og:title\" content=\"Prohl\u00eddky a o\u010dkov\u00e1n\u00ed - Ordinace praktick\u00e9ho l\u00e9ka\u0159e pro d\u011bti a dorost\" \/>\n<meta property=\"og:url\" content=\"https:\/\/pediatrnadedine.cz\/index.php\/prohlidky-a-ockovani\/\" \/>\n<meta property=\"og:site_name\" content=\"Ordinace praktick\u00e9ho l\u00e9ka\u0159e pro d\u011bti a dorost\" \/>\n<meta property=\"article:modified_time\" content=\"2026-01-11T09:34:51+00:00\" \/>\n<meta name=\"twitter:card\" content=\"summary_large_image\" \/>\n<meta name=\"twitter:label1\" content=\"Est. reading time\" \/>\n\t<meta name=\"twitter:data1\" content=\"2 minuty\" \/>\n<script type=\"application\/ld+json\" class=\"yoast-schema-graph\">{\"@context\":\"https:\/\/schema.org\",\"@graph\":[{\"@type\":\"WebPage\",\"@id\":\"https:\/\/pediatrnadedine.cz\/index.php\/prohlidky-a-ockovani\/\",\"url\":\"https:\/\/pediatrnadedine.cz\/index.php\/prohlidky-a-ockovani\/\",\"name\":\"Prohl\u00eddky a o\u010dkov\u00e1n\u00ed - Ordinace praktick\u00e9ho l\u00e9ka\u0159e pro d\u011bti a dorost\",\"isPartOf\":{\"@id\":\"http:\/\/pediatrnadedine.cz\/#website\"},\"datePublished\":\"2015-11-17T14:32:33+00:00\",\"dateModified\":\"2026-01-11T09:34:51+00:00\",\"breadcrumb\":{\"@id\":\"https:\/\/pediatrnadedine.cz\/index.php\/prohlidky-a-ockovani\/#breadcrumb\"},\"inLanguage\":\"cs\",\"potentialAction\":[{\"@type\":\"ReadAction\",\"target\":[\"https:\/\/pediatrnadedine.cz\/index.php\/prohlidky-a-ockovani\/\"]}]},{\"@type\":\"BreadcrumbList\",\"@id\":\"https:\/\/pediatrnadedine.cz\/index.php\/prohlidky-a-ockovani\/#breadcrumb\",\"itemListElement\":[{\"@type\":\"ListItem\",\"position\":1,\"name\":\"Home\",\"item\":\"http:\/\/pediatrnadedine.cz\/\"},{\"@type\":\"ListItem\",\"position\":2,\"name\":\"Prohl\u00eddky a o\u010dkov\u00e1n\u00ed\"}]},{\"@type\":\"WebSite\",\"@id\":\"http:\/\/pediatrnadedine.cz\/#website\",\"url\":\"http:\/\/pediatrnadedine.cz\/\",\"name\":\"Ordinace praktick\u00e9ho l\u00e9ka\u0159e pro d\u011bti a dorost\",\"description\":\"Praktick\u00fd l\u00e9ka\u0159 pro d\u011bti a dorost\",\"potentialAction\":[{\"@type\":\"SearchAction\",\"target\":{\"@type\":\"EntryPoint\",\"urlTemplate\":\"http:\/\/pediatrnadedine.cz\/?s={search_term_string}\"},\"query-input\":\"required name=search_term_string\"}],\"inLanguage\":\"cs\"}]}<\/script>\n<!-- \/ Yoast SEO plugin. -->","yoast_head_json":{"title":"Prohl\u00eddky a o\u010dkov\u00e1n\u00ed - Ordinace praktick\u00e9ho l\u00e9ka\u0159e pro d\u011bti a dorost","robots":{"index":"index","follow":"follow","max-snippet":"max-snippet:-1","max-image-preview":"max-image-preview:large","max-video-preview":"max-video-preview:-1"},"canonical":"https:\/\/pediatrnadedine.cz\/index.php\/prohlidky-a-ockovani\/","og_locale":"cs_CZ","og_type":"article","og_title":"Prohl\u00eddky a o\u010dkov\u00e1n\u00ed - Ordinace praktick\u00e9ho l\u00e9ka\u0159e pro d\u011bti a dorost","og_url":"https:\/\/pediatrnadedine.cz\/index.php\/prohlidky-a-ockovani\/","og_site_name":"Ordinace praktick\u00e9ho l\u00e9ka\u0159e pro d\u011bti a dorost","article_modified_time":"2026-01-11T09:34:51+00:00","twitter_card":"summary_large_image","twitter_misc":{"Est. reading time":"2 minuty"},"schema":{"@context":"https:\/\/schema.org","@graph":[{"@type":"WebPage","@id":"https:\/\/pediatrnadedine.cz\/index.php\/prohlidky-a-ockovani\/","url":"https:\/\/pediatrnadedine.cz\/index.php\/prohlidky-a-ockovani\/","name":"Prohl\u00eddky a o\u010dkov\u00e1n\u00ed - Ordinace praktick\u00e9ho l\u00e9ka\u0159e pro d\u011bti a dorost","isPartOf":{"@id":"http:\/\/pediatrnadedine.cz\/#website"},"datePublished":"2015-11-17T14:32:33+00:00","dateModified":"2026-01-11T09:34:51+00:00","breadcrumb":{"@id":"https:\/\/pediatrnadedine.cz\/index.php\/prohlidky-a-ockovani\/#breadcrumb"},"inLanguage":"cs","potentialAction":[{"@type":"ReadAction","target":["https:\/\/pediatrnadedine.cz\/index.php\/prohlidky-a-ockovani\/"]}]},{"@type":"BreadcrumbList","@id":"https:\/\/pediatrnadedine.cz\/index.php\/prohlidky-a-ockovani\/#breadcrumb","itemListElement":[{"@type":"ListItem","position":1,"name":"Home","item":"http:\/\/pediatrnadedine.cz\/"},{"@type":"ListItem","position":2,"name":"Prohl\u00eddky a o\u010dkov\u00e1n\u00ed"}]},{"@type":"WebSite","@id":"http:\/\/pediatrnadedine.cz\/#website","url":"http:\/\/pediatrnadedine.cz\/","name":"Ordinace praktick\u00e9ho l\u00e9ka\u0159e pro d\u011bti a dorost","description":"Praktick\u00fd l\u00e9ka\u0159 pro d\u011bti a dorost","potentialAction":[{"@type":"SearchAction","target":{"@type":"EntryPoint","urlTemplate":"http:\/\/pediatrnadedine.cz\/?s={search_term_string}"},"query-input":"required name=search_term_string"}],"inLanguage":"cs"}]}},"_links":{"self":[{"href":"https:\/\/pediatrnadedine.cz\/index.php\/wp-json\/wp\/v2\/pages\/24","targetHints":{"allow":["GET"]}}],"collection":[{"href":"https:\/\/pediatrnadedine.cz\/index.php\/wp-json\/wp\/v2\/pages"}],"about":[{"href":"https:\/\/pediatrnadedine.cz\/index.php\/wp-json\/wp\/v2\/types\/page"}],"author":[{"embeddable":true,"href":"https:\/\/pediatrnadedine.cz\/index.php\/wp-json\/wp\/v2\/users\/1"}],"replies":[{"embeddable":true,"href":"https:\/\/pediatrnadedine.cz\/index.php\/wp-json\/wp\/v2\/comments?post=24"}],"version-history":[{"count":8,"href":"https:\/\/pediatrnadedine.cz\/index.php\/wp-json\/wp\/v2\/pages\/24\/revisions"}],"predecessor-version":[{"id":929,"href":"https:\/\/pediatrnadedine.cz\/index.php\/wp-json\/wp\/v2\/pages\/24\/revisions\/929"}],"wp:attachment":[{"href":"https:\/\/pediatrnadedine.cz\/index.php\/wp-json\/wp\/v2\/media?parent=24"}],"curies":[{"name":"wp","href":"https:\/\/api.w.org\/{rel}","templated":true}]}}